{"id":14,"date":"2018-10-13T12:28:16","date_gmt":"2018-10-13T10:28:16","guid":{"rendered":"http:\/\/eliocoach.fr\/?page_id=14"},"modified":"2023-03-24T08:33:40","modified_gmt":"2023-03-24T07:33:40","slug":"profil-philosophie","status":"publish","type":"page","link":"https:\/\/eliocoach.fr\/index.php\/profil-philosophie\/","title":{"rendered":"Profil\/Philosophie"},"content":{"rendered":"\n\t\t\t<div class=\"horizontal-section text-light parallax-section\" style=\"\" data-parallax-image=\"http:\/\/eliocoach.fr\/wp-content\/uploads\/2018\/11\/Philosophie.png\">\n\t\t\t\t<div class=\"horizontal-inner\" style=\"padding-top:200px;padding-bottom:200px;\">\n\t\t\t\t\n\t\t\t\t<\/div>\n\t\t\t<\/div>\n\t\t<div class=\"wrapper-small\"><div class=\"column-section clearfix\"><div class=\"column one-full last-col \" ><div class=\"spacer spacer-mini\"><\/div>\n<p>Apr\u00e8s des d\u00e9buts dans la pub en agence, puis chez l\u2019annonceur, j\u2019ai fond\u00e9 <strong><a href=\"https:\/\/www.eliotrope.fr\/fr\/\">Eliotrope<\/a><\/strong>, il y a 25 ans, une agence conseil en Relations Publiques.<br \/>\nEt <strong>apr\u00e8s<\/strong> <strong>25 ans de Relations publiques<\/strong>, de communication commerciale, je me suis bien rendu compte que <strong>les relations priv\u00e9es, elles, \u00e9taient souvent d\u00e9laiss\u00e9es\u00a0<\/strong>; mais me passionnaient.<\/p>\n<p><strong>Philosophie<\/strong><br \/>\nLes relations humaines, la difficult\u00e9 \u00e0 les g\u00e9rer, que ce soit dans le travail ou dans la vie priv\u00e9e, l\u00e0\u2026 peu d\u2019aide\u00a0!<br \/>\nSouvent personne pour \u00e9changer, pour se poser, pour prendre le temps de faire le point sur soi.<br \/>\nVoil\u00e0 pourquoi je suis devenu <strong>Coach Professionnel RNCP<\/strong> certifi\u00e9 Coaching Ways France et membre de<strong> l&rsquo;ICF.<\/strong><\/p>\n<p><img loading=\"lazy\" decoding=\"async\" class=\"alignnone  wp-image-836\" src=\"http:\/\/eliocoach.fr\/wp-content\/uploads\/2023\/03\/DIPLOME-RNCP-LYONNET-GILLES.jpg\" alt=\"\" width=\"447\" height=\"302\" srcset=\"https:\/\/eliocoach.fr\/wp-content\/uploads\/2023\/03\/DIPLOME-RNCP-LYONNET-GILLES.jpg 884w, https:\/\/eliocoach.fr\/wp-content\/uploads\/2023\/03\/DIPLOME-RNCP-LYONNET-GILLES-300x203.jpg 300w, https:\/\/eliocoach.fr\/wp-content\/uploads\/2023\/03\/DIPLOME-RNCP-LYONNET-GILLES-768x519.jpg 768w, https:\/\/eliocoach.fr\/wp-content\/uploads\/2023\/03\/DIPLOME-RNCP-LYONNET-GILLES-420x284.jpg 420w, https:\/\/eliocoach.fr\/wp-content\/uploads\/2023\/03\/DIPLOME-RNCP-LYONNET-GILLES-800x540.jpg 800w\" sizes=\"(max-width: 447px) 100vw, 447px\" \/><\/p>\n<p><img loading=\"lazy\" decoding=\"async\" class=\"alignnone  wp-image-585\" src=\"http:\/\/eliocoach.fr\/wp-content\/uploads\/2019\/02\/ICFMembershipCertificate__March2020.jpg\" alt=\"\" width=\"455\" height=\"348\" srcset=\"https:\/\/eliocoach.fr\/wp-content\/uploads\/2019\/02\/ICFMembershipCertificate__March2020.jpg 1065w, https:\/\/eliocoach.fr\/wp-content\/uploads\/2019\/02\/ICFMembershipCertificate__March2020-300x230.jpg 300w, https:\/\/eliocoach.fr\/wp-content\/uploads\/2019\/02\/ICFMembershipCertificate__March2020-768x588.jpg 768w, https:\/\/eliocoach.fr\/wp-content\/uploads\/2019\/02\/ICFMembershipCertificate__March2020-1024x784.jpg 1024w, https:\/\/eliocoach.fr\/wp-content\/uploads\/2019\/02\/ICFMembershipCertificate__March2020-420x321.jpg 420w, https:\/\/eliocoach.fr\/wp-content\/uploads\/2019\/02\/ICFMembershipCertificate__March2020-800x612.jpg 800w\" sizes=\"(max-width: 455px) 100vw, 455px\" \/><img loading=\"lazy\" decoding=\"async\" class=\"alignnone  wp-image-696\" src=\"http:\/\/eliocoach.fr\/wp-content\/uploads\/2021\/02\/icf-member-badge.png\" alt=\"\" width=\"439\" height=\"439\" srcset=\"https:\/\/eliocoach.fr\/wp-content\/uploads\/2021\/02\/icf-member-badge.png 600w, https:\/\/eliocoach.fr\/wp-content\/uploads\/2021\/02\/icf-member-badge-150x150.png 150w, https:\/\/eliocoach.fr\/wp-content\/uploads\/2021\/02\/icf-member-badge-300x300.png 300w, https:\/\/eliocoach.fr\/wp-content\/uploads\/2021\/02\/icf-member-badge-420x420.png 420w\" sizes=\"(max-width: 439px) 100vw, 439px\" \/><\/p>\n<div class=\"spacer spacer-mini\"><\/div>\n<p><strong>\u00catre attentif aux \u00e9motions<\/strong>, aller y chercher toute la puissance existante et g\u00e9n\u00e9r\u00e9e. <strong>Aller au fond des choses<\/strong> pour des r\u00e9sultats concrets et probants&#8230; Avec toujours, <strong>un profond respect de la personne<\/strong>, de l\u2019humain, de l\u2019individu, de l\u2019autre\u2026 de vous.<\/p>\n<p><strong>Bienveillance<\/strong>, mot d\u00e9suet, mais fondamental pour moi. Et\u00e9 comme hiver, nos \u00e9changes seront toujours envelopp\u00e9s d\u2019une couverture, d\u2019un l\u00e9ger voile de <strong>bienveillance<\/strong>\u2026 et de <strong>douceur<\/strong>!<\/p>\n<p>Le nom <strong>ElioCoach est inspir\u00e9 de h\u00e9lios, le soleil<\/strong>\u2026 Une inspiration qui me suit, depuis ma Provence natale et me permet de penser, au quotidien, aux bienfaits de la lumi\u00e8re, de la chaleur sur l\u2019humain.<\/p>\n<div class=\"spacer spacer-medium\"><\/div><\/div><\/div><\/div>\n","protected":false},"excerpt":{"rendered":"","protected":false},"author":1,"featured_media":0,"parent":0,"menu_order":0,"comment_status":"closed","ping_status":"closed","template":"","meta":{"footnotes":""},"_links":{"self":[{"href":"https:\/\/eliocoach.fr\/index.php\/wp-json\/wp\/v2\/pages\/14"}],"collection":[{"href":"https:\/\/eliocoach.fr\/index.php\/wp-json\/wp\/v2\/pages"}],"about":[{"href":"https:\/\/eliocoach.fr\/index.php\/wp-json\/wp\/v2\/types\/page"}],"author":[{"embeddable":true,"href":"https:\/\/eliocoach.fr\/index.php\/wp-json\/wp\/v2\/users\/1"}],"replies":[{"embeddable":true,"href":"https:\/\/eliocoach.fr\/index.php\/wp-json\/wp\/v2\/comments?post=14"}],"version-history":[{"count":18,"href":"https:\/\/eliocoach.fr\/index.php\/wp-json\/wp\/v2\/pages\/14\/revisions"}],"predecessor-version":[{"id":838,"href":"https:\/\/eliocoach.fr\/index.php\/wp-json\/wp\/v2\/pages\/14\/revisions\/838"}],"wp:attachment":[{"href":"https:\/\/eliocoach.fr\/index.php\/wp-json\/wp\/v2\/media?parent=14"}],"curies":[{"name":"wp","href":"https:\/\/api.w.org\/{rel}","templated":true}]}}