{"id":15,"date":"2018-10-13T12:28:16","date_gmt":"2018-10-13T10:28:16","guid":{"rendered":"http:\/\/eliocoach.fr\/?page_id=15"},"modified":"2021-04-12T14:58:39","modified_gmt":"2021-04-12T12:58:39","slug":"temoignage","status":"publish","type":"page","link":"https:\/\/eliocoach.fr\/index.php\/temoignage\/","title":{"rendered":"T\u00e9moignages"},"content":{"rendered":"<div class=\"wrapper-small\"><div class=\"column-section clearfix\"><div class=\"column one-full last-col \" >\n<p><iframe loading=\"lazy\" width=\"1100\" height=\"619\" src=\"https:\/\/www.youtube.com\/embed\/MOShEoFQPpM?feature=oembed\" frameborder=\"0\" allow=\"accelerometer; autoplay; encrypted-media; gyroscope; picture-in-picture\" allowfullscreen><\/iframe><\/p>\n<p>T\u00e9moignage Dominique (Paris), Directrice G\u00e9n\u00e9rale France d&rsquo;une entreprise internationale<\/p>\n<\/div><\/div><\/div><div class=\"spacer spacer-small\"><\/div>\n\t\t\t<div class=\"horizontal-section text-light\" style=\"background:;\">\n\t\t\t\t<div class=\"horizontal-inner\" style=\"padding-top:120px;padding-bottom:120px;\">\n\t\t\t\t<div class=\"wrapper-small\"><div class=\"column-section clearfix\"><div class=\"column one-half  \" >\n<p class=\"p1\"><b>Nad\u00e8ge (Paris)\u00a0: cr\u00e9atrice d\u2019une startup, comment tout g\u00e9rer\u00a0?<\/b><\/p>\n<p class=\"p1\">\u00ab\u00a0En pleine cr\u00e9ation de ma startup, <b>j\u2019\u00e9tais un peu perdue<\/b> entre un agenda trop rempli, des associ\u00e9s d\u00e9bord\u00e9s, une \u00e9quipe en formation et des t\u00e2ches administratives consommatrices de temps et d\u2019\u00e9nergie. Le coaching avec Gilles m\u2019a permis de me poser, d\u2019y voir plus clair et de mettre en place des actions simples, concr\u00e8tes qui me permettent maintenant de mieux g\u00e9rer les clients, les fournisseurs, l\u2019administration, mes associ\u00e9s et mon \u00e9quipe. Et de<b> prendre bien plus de plaisir dans mon travail\u00a0!<\/b>\u00a0\u00bb<\/p>\n<\/div><div class=\"column one-half last-col \" ><ul class=\"sr-gallery gallery-col1 \"><li class=\"has-animation\"><img loading=\"lazy\" decoding=\"async\" width=\"3648\" height=\"2432\" src=\"https:\/\/eliocoach.fr\/wp-content\/uploads\/2018\/11\/Temoin-Nadege-Startup.jpg\" class=\"attachment-full size-full\" alt=\"\" srcset=\"https:\/\/eliocoach.fr\/wp-content\/uploads\/2018\/11\/Temoin-Nadege-Startup.jpg 3648w, https:\/\/eliocoach.fr\/wp-content\/uploads\/2018\/11\/Temoin-Nadege-Startup-300x200.jpg 300w, https:\/\/eliocoach.fr\/wp-content\/uploads\/2018\/11\/Temoin-Nadege-Startup-768x512.jpg 768w, https:\/\/eliocoach.fr\/wp-content\/uploads\/2018\/11\/Temoin-Nadege-Startup-1024x683.jpg 1024w, https:\/\/eliocoach.fr\/wp-content\/uploads\/2018\/11\/Temoin-Nadege-Startup-420x280.jpg 420w, https:\/\/eliocoach.fr\/wp-content\/uploads\/2018\/11\/Temoin-Nadege-Startup-800x533.jpg 800w, https:\/\/eliocoach.fr\/wp-content\/uploads\/2018\/11\/Temoin-Nadege-Startup-1100x733.jpg 1100w\" sizes=\"(max-width: 3648px) 100vw, 3648px\" \/><\/li><\/ul><\/div><\/div><\/div><div class=\"spacer spacer-medium\"><\/div><div class=\"wrapper-small\"><div class=\"column-section clearfix\"><div class=\"column one-half  \" >\n<p class=\"p1\"><b>Amir (Paris)\u00a0: artiste, arriver \u00e0 trouver du temps pour moi.<\/b><\/p>\n<p class=\"p1\">\u00ab\u00a0Artiste, il n\u2019en demeure pas moins qu\u2019il faut n\u00e9cessairement <b>que je sois organis\u00e9 pour produire mes \u0153uvres.<\/b> J\u2019avais l\u2019impression de travailler non stop, de ne jamais m\u2019arr\u00eater, de n\u2019en faire pas assez. J\u2019\u00e9tais \u00e9puis\u00e9. Avec le coaching de Gilles, <b>j\u2019ai enfin pu m\u2019offrir la permission de souffler un peu.<\/b> Et vous savez quoi\u00a0? Ca marche, je sais ce que je dois faire chaque semaine et il me reste encore du temps\u2026 pour moi, pour r\u00eaver, cr\u00e9er\u00a0!\u00a0\u00bb<\/p>\n<\/div><div class=\"column one-half last-col \" ><ul class=\"sr-gallery gallery-col1 \"><li class=\"has-animation\"><img loading=\"lazy\" decoding=\"async\" width=\"4460\" height=\"2973\" src=\"https:\/\/eliocoach.fr\/wp-content\/uploads\/2018\/11\/Temoin-Amir-Artiste.jpg\" class=\"attachment-full size-full\" alt=\"\" srcset=\"https:\/\/eliocoach.fr\/wp-content\/uploads\/2018\/11\/Temoin-Amir-Artiste.jpg 4460w, https:\/\/eliocoach.fr\/wp-content\/uploads\/2018\/11\/Temoin-Amir-Artiste-300x200.jpg 300w, https:\/\/eliocoach.fr\/wp-content\/uploads\/2018\/11\/Temoin-Amir-Artiste-768x512.jpg 768w, https:\/\/eliocoach.fr\/wp-content\/uploads\/2018\/11\/Temoin-Amir-Artiste-1024x683.jpg 1024w, https:\/\/eliocoach.fr\/wp-content\/uploads\/2018\/11\/Temoin-Amir-Artiste-420x280.jpg 420w, https:\/\/eliocoach.fr\/wp-content\/uploads\/2018\/11\/Temoin-Amir-Artiste-800x533.jpg 800w, https:\/\/eliocoach.fr\/wp-content\/uploads\/2018\/11\/Temoin-Amir-Artiste-1100x733.jpg 1100w\" sizes=\"(max-width: 4460px) 100vw, 4460px\" \/><\/li><\/ul><\/div><\/div><\/div><div class=\"spacer spacer-medium\"><\/div><div class=\"wrapper-small\"><div class=\"column-section clearfix\"><div class=\"column one-half  \" >\n<p class=\"p1\"><b>Virginie (Paris)\u00a0: comment me s\u00e9parer de mon associ\u00e9\u00a0?<\/b><\/p>\n<p class=\"p1\">\u00ab Apr\u00e8s plus de 10 ans pass\u00e9s associ\u00e9e \u00e0 un ami, qui ne travaillait presque plus, je n\u2019en pouvais plus. Mes journ\u00e9es \u00e9taient stressantes, pourtant, je n\u2019arrivais pas \u00e0 prendre la d\u00e9cision de me s\u00e9parer de lui. Un divorce m\u2019aurait sembl\u00e9 plus simple. Pourtant, gr\u00e2ce au coaching avec Gilles, <strong>j\u2019ai su poser les probl\u00e8mes sur le table, et faire prendre conscience \u00e0 mon associ\u00e9, qu\u2019il fallait tourner une nouvelle page<\/strong>. Et vous savez quoi ? C\u2019est maintenant une r\u00e9ussite pour tous les 2. Nous nous voyons m\u00eame souvent pour d\u00e9jeuner et rire ensemble ! \u00bb<\/p>\n<\/div><div class=\"column one-half last-col \" ><ul class=\"sr-gallery gallery-col1 \"><li class=\"has-animation\"><img loading=\"lazy\" decoding=\"async\" width=\"4460\" height=\"2973\" src=\"https:\/\/eliocoach.fr\/wp-content\/uploads\/2018\/11\/Temoin-Virginie.jpg\" class=\"attachment-full size-full\" alt=\"\" srcset=\"https:\/\/eliocoach.fr\/wp-content\/uploads\/2018\/11\/Temoin-Virginie.jpg 4460w, https:\/\/eliocoach.fr\/wp-content\/uploads\/2018\/11\/Temoin-Virginie-300x200.jpg 300w, https:\/\/eliocoach.fr\/wp-content\/uploads\/2018\/11\/Temoin-Virginie-768x512.jpg 768w, https:\/\/eliocoach.fr\/wp-content\/uploads\/2018\/11\/Temoin-Virginie-1024x683.jpg 1024w, https:\/\/eliocoach.fr\/wp-content\/uploads\/2018\/11\/Temoin-Virginie-420x280.jpg 420w, https:\/\/eliocoach.fr\/wp-content\/uploads\/2018\/11\/Temoin-Virginie-800x533.jpg 800w, https:\/\/eliocoach.fr\/wp-content\/uploads\/2018\/11\/Temoin-Virginie-1100x733.jpg 1100w\" sizes=\"(max-width: 4460px) 100vw, 4460px\" \/><\/li><\/ul><\/div><\/div><\/div><div class=\"spacer spacer-medium\"><\/div><div class=\"wrapper-small\"><div class=\"column-section clearfix\"><div class=\"column one-half  \" >\n<p class=\"p1\"><b>Didier (Aix-en-Provence)\u00a0: pr\u00e9parer ma retraite<\/b><\/p>\n<p class=\"p1\">\u00ab\u00a0 Apr\u00e8s une carri\u00e8re de cadre dirigeant dans un grand groupe international, j\u2019\u00e9tais habitu\u00e9 au stress, aux objectifs, aux horaires de dingue. <b>Ma vie \u00e9tait bien remplie\u2026 par le travail.<\/b> Je voyais arriver l\u2019\u00e2ge de la retraite avec \u2026 appr\u00e9hension. Le coaching avec Gilles m\u2019a permis de prendre conscience de tout ce que j\u2019allais enfin pouvoir faire, \u00e0 commencer par le sport, qui occupe maintenant mes matin\u00e9es, et <b>me permet d\u2019\u00eatre enfin .. calme et serein\u00a0!<\/b>\u00a0\u00bb<\/p>\n<\/div><div class=\"column one-half last-col \" ><ul class=\"sr-gallery gallery-col1 \"><li class=\"has-animation\"><img loading=\"lazy\" decoding=\"async\" width=\"4554\" height=\"3039\" src=\"https:\/\/eliocoach.fr\/wp-content\/uploads\/2018\/11\/T\u00e9moin-Didier-Retraite.jpg\" class=\"attachment-full size-full\" alt=\"\" srcset=\"https:\/\/eliocoach.fr\/wp-content\/uploads\/2018\/11\/T\u00e9moin-Didier-Retraite.jpg 4554w, https:\/\/eliocoach.fr\/wp-content\/uploads\/2018\/11\/T\u00e9moin-Didier-Retraite-300x200.jpg 300w, https:\/\/eliocoach.fr\/wp-content\/uploads\/2018\/11\/T\u00e9moin-Didier-Retraite-768x513.jpg 768w, https:\/\/eliocoach.fr\/wp-content\/uploads\/2018\/11\/T\u00e9moin-Didier-Retraite-1024x683.jpg 1024w, https:\/\/eliocoach.fr\/wp-content\/uploads\/2018\/11\/T\u00e9moin-Didier-Retraite-420x280.jpg 420w, https:\/\/eliocoach.fr\/wp-content\/uploads\/2018\/11\/T\u00e9moin-Didier-Retraite-800x534.jpg 800w, https:\/\/eliocoach.fr\/wp-content\/uploads\/2018\/11\/T\u00e9moin-Didier-Retraite-1100x734.jpg 1100w\" sizes=\"(max-width: 4554px) 100vw, 4554px\" \/><\/li><\/ul><\/div><\/div><\/div><div class=\"spacer spacer-medium\"><\/div><div class=\"wrapper-small\"><div class=\"column-section clearfix\"><div class=\"column one-half  \" >\n<p class=\"p1\"><b>Vito (Aix-en-Provence)\u00a0: gay et sicilien, comment le dire \u00e0 ma famille\u00a0?<\/b><\/p>\n<p class=\"p1\">\u00ab\u00a0Les familles siciliennes ne sont pas les plus ouvertes du monde. Un homme \u00e0 un r\u00f4le, comme une femme\u00a0! D\u00e9vier de cette r\u00e8gle n\u2019est pas envisageable. Pourtant,<b> je ne pouvais plus leur mentir. Je voulais \u00eatre moi-m\u00eame (je suis gay).<\/b> Le coaching avec Gilles m\u2019a permis de trouver, non pas la force de m\u2019assumer,\u00a0mais <b>les moyens de l\u2019annoncer \u00e0 ma famille<\/b>, avec les mots, que j\u2019ai su trouver en moi pour qu\u2019ils comprennent. <b>Ils ont compris, reste \u00e0 eux\u2026 de l\u2019accepter\u00a0!<\/b>\u00a0\u00bb<\/p>\n<\/div><div class=\"column one-half last-col \" ><ul class=\"sr-gallery gallery-col1 \"><li class=\"has-animation\"><a href=\"https:\/\/eliocoach.fr\/wp-content\/uploads\/2018\/11\/Temoin-Vito-Gay.jpg\" data-rel=\"lightcase:myCollection\" class=\"img-hover\" ><img loading=\"lazy\" decoding=\"async\" width=\"4460\" height=\"3287\" src=\"https:\/\/eliocoach.fr\/wp-content\/uploads\/2018\/11\/Temoin-Vito-Gay.jpg\" class=\"attachment-full size-full\" alt=\"\" srcset=\"https:\/\/eliocoach.fr\/wp-content\/uploads\/2018\/11\/Temoin-Vito-Gay.jpg 4460w, https:\/\/eliocoach.fr\/wp-content\/uploads\/2018\/11\/Temoin-Vito-Gay-300x221.jpg 300w, https:\/\/eliocoach.fr\/wp-content\/uploads\/2018\/11\/Temoin-Vito-Gay-768x566.jpg 768w, https:\/\/eliocoach.fr\/wp-content\/uploads\/2018\/11\/Temoin-Vito-Gay-1024x755.jpg 1024w, https:\/\/eliocoach.fr\/wp-content\/uploads\/2018\/11\/Temoin-Vito-Gay-420x310.jpg 420w, https:\/\/eliocoach.fr\/wp-content\/uploads\/2018\/11\/Temoin-Vito-Gay-800x590.jpg 800w, https:\/\/eliocoach.fr\/wp-content\/uploads\/2018\/11\/Temoin-Vito-Gay-1100x811.jpg 1100w\" sizes=\"(max-width: 4460px) 100vw, 4460px\" \/><\/a><\/li><\/ul><\/div><\/div><\/div><div class=\"spacer spacer-medium\"><\/div><div class=\"wrapper-small\"><div class=\"column-section clearfix\"><div class=\"column one-half  \" >\n<p class=\"p1\"><b>Anne-Elisabeth (Avignon)\u00a0: me reconnecter avec ma fille, jeune adulte<\/b><\/p>\n<p class=\"p1\">\u00ab\u00a0 Ma fille de 20 ans a pris une d\u00e9cision de vie, bien difficile \u00e0 accepter, se retirant de la vue des autres, <b>restant enferm\u00e9e chez elle avec son b\u00e9b\u00e9, seule avec sa religion.<\/b> Avec Gilles et sa m\u00e9thode de coaching j\u2019ai enfin pu <b>trouver des pistes pour renouer une communication<\/b> qui s\u2019\u00e9tait interrompue il y a 2 ans. Et je suis bien fi\u00e8re aujourd\u2019hui de me promener avec mon petit fils et sa maman dans un parc\u00a0!\u00a0\u00bb<\/p>\n<\/div><div class=\"column one-half last-col \" ><ul class=\"sr-gallery gallery-col1 \"><li class=\"has-animation\"><a href=\"https:\/\/eliocoach.fr\/wp-content\/uploads\/2018\/11\/Temoin-Anne-Elisabeth.jpg\" data-rel=\"lightcase:myCollection\" class=\"img-hover\" ><img loading=\"lazy\" decoding=\"async\" width=\"4460\" height=\"2921\" src=\"https:\/\/eliocoach.fr\/wp-content\/uploads\/2018\/11\/Temoin-Anne-Elisabeth.jpg\" class=\"attachment-full size-full\" alt=\"\" srcset=\"https:\/\/eliocoach.fr\/wp-content\/uploads\/2018\/11\/Temoin-Anne-Elisabeth.jpg 4460w, https:\/\/eliocoach.fr\/wp-content\/uploads\/2018\/11\/Temoin-Anne-Elisabeth-300x196.jpg 300w, https:\/\/eliocoach.fr\/wp-content\/uploads\/2018\/11\/Temoin-Anne-Elisabeth-768x503.jpg 768w, https:\/\/eliocoach.fr\/wp-content\/uploads\/2018\/11\/Temoin-Anne-Elisabeth-1024x671.jpg 1024w, https:\/\/eliocoach.fr\/wp-content\/uploads\/2018\/11\/Temoin-Anne-Elisabeth-420x275.jpg 420w, https:\/\/eliocoach.fr\/wp-content\/uploads\/2018\/11\/Temoin-Anne-Elisabeth-800x524.jpg 800w, https:\/\/eliocoach.fr\/wp-content\/uploads\/2018\/11\/Temoin-Anne-Elisabeth-1100x720.jpg 1100w\" sizes=\"(max-width: 4460px) 100vw, 4460px\" \/><\/a><\/li><\/ul><\/div><\/div><\/div><div class=\"spacer spacer-medium\"><\/div>\n\t\t\t\t<\/div>\n\t\t\t<\/div>\n\t\t\n","protected":false},"excerpt":{"rendered":"","protected":false},"author":1,"featured_media":0,"parent":0,"menu_order":0,"comment_status":"closed","ping_status":"closed","template":"","meta":{"footnotes":""},"_links":{"self":[{"href":"https:\/\/eliocoach.fr\/index.php\/wp-json\/wp\/v2\/pages\/15"}],"collection":[{"href":"https:\/\/eliocoach.fr\/index.php\/wp-json\/wp\/v2\/pages"}],"about":[{"href":"https:\/\/eliocoach.fr\/index.php\/wp-json\/wp\/v2\/types\/page"}],"author":[{"embeddable":true,"href":"https:\/\/eliocoach.fr\/index.php\/wp-json\/wp\/v2\/users\/1"}],"replies":[{"embeddable":true,"href":"https:\/\/eliocoach.fr\/index.php\/wp-json\/wp\/v2\/comments?post=15"}],"version-history":[{"count":25,"href":"https:\/\/eliocoach.fr\/index.php\/wp-json\/wp\/v2\/pages\/15\/revisions"}],"predecessor-version":[{"id":753,"href":"https:\/\/eliocoach.fr\/index.php\/wp-json\/wp\/v2\/pages\/15\/revisions\/753"}],"wp:attachment":[{"href":"https:\/\/eliocoach.fr\/index.php\/wp-json\/wp\/v2\/media?parent=15"}],"curies":[{"name":"wp","href":"https:\/\/api.w.org\/{rel}","templated":true}]}}