{"id":207,"date":"2018-10-14T18:03:01","date_gmt":"2018-10-14T16:03:01","guid":{"rendered":"http:\/\/eliocoach.fr\/?page_id=207"},"modified":"2021-04-12T14:52:34","modified_gmt":"2021-04-12T12:52:34","slug":"coaching-professionnel","status":"publish","type":"page","link":"https:\/\/eliocoach.fr\/index.php\/coaching-professionnel\/","title":{"rendered":"Coaching professionnel"},"content":{"rendered":"\n\t\t\t<div class=\"horizontal-section text-light parallax-section\" style=\"\" data-parallax-image=\"http:\/\/eliocoach.fr\/wp-content\/uploads\/2018\/11\/Pro-Dirigeant3.png\">\n\t\t\t\t<div class=\"horizontal-inner\" style=\"padding-top:200px;padding-bottom:200px;\">\n\t\t\t\t\n\t\t\t\t<\/div>\n\t\t\t<\/div>\n\t\t<div class=\"wrapper-small\"><div class=\"column-section clearfix\"><div class=\"column one-full last-col \" ><div class=\"spacer spacer-mini\"><\/div>\n<p><em><strong>Comment puis-je vous aider dans vos difficult\u00e9s professionnelles ?<\/strong><\/em><\/p>\n<p><span style=\"color: #0000ff;\"><em><b>Vous dirigeants<\/b><\/em><\/span>, comment <strong>mieux vous entendre avec vos associ\u00e9s<\/strong>, comment <strong>mieux f\u00e9d\u00e9rer votre \u00e9quipe<\/strong> pour aller dans le sens de votre strat\u00e9gie, comment r\u00e9ussir \u00e0 vous respecter vous-m\u00eame, respecter votre personnalit\u00e9, g<strong>\u00e9rer votre temps de travail<\/strong> pour ne plus \u00eatre d\u00e9bord\u00e9 donc stress\u00e9 et <strong>trouver votre \u00e9quilibre de croisi\u00e8re<\/strong>\u00a0?<\/p>\n<div class=\"spacer spacer-mini\"><\/div><\/div><\/div><\/div>\n\t\t\t<div class=\"horizontal-section text-light parallax-section\" style=\"\" data-parallax-image=\"http:\/\/eliocoach.fr\/wp-content\/uploads\/2018\/11\/Pro-Stratuper.jpg\">\n\t\t\t\t<div class=\"horizontal-inner\" style=\"padding-top:200px;padding-bottom:200px;\">\n\t\t\t\t\n\t\t\t\t<\/div>\n\t\t\t<\/div>\n\t\t<div class=\"wrapper-small\"><div class=\"column-section clearfix\"><div class=\"column one-full last-col \" ><div class=\"spacer spacer-mini\"><\/div>\n<p><span style=\"color: #0000ff;\"><b>Vous stratupers<\/b><\/span>, comment <strong>mieux vous organiser pour que votre travail<\/strong>, pour lequel vous investissez tant, <strong>ne d\u00e9borde pas sur toute votre vie priv\u00e9e\u00a0<\/strong>?<\/p>\n<p>Comment r\u00e9ussir \u00e0 <strong>mieux communiquer avec vos associ\u00e9s<\/strong>, de profils diff\u00e9rents, comment faire parler la technique avec le commercial, avec le marketing et la vente\u00a0?<\/p>\n<div class=\"spacer spacer-mini\"><\/div><\/div><\/div><\/div>\n\t\t\t<div class=\"horizontal-section text-light parallax-section\" style=\"\" data-parallax-image=\"http:\/\/eliocoach.fr\/wp-content\/uploads\/2018\/11\/Pro-Manager.jpg\">\n\t\t\t\t<div class=\"horizontal-inner\" style=\"padding-top:200px;padding-bottom:200px;\">\n\t\t\t\t\n\t\t\t\t<\/div>\n\t\t\t<\/div>\n\t\t<div class=\"wrapper-small\"><div class=\"column-section clearfix\"><div class=\"column one-full last-col \" ><div class=\"spacer spacer-mini\"><\/div>\n<p><span style=\"color: #0000ff;\"><b>Vous managers, cadres,<\/b><\/span> comment mieux g\u00e9rer votre \u00e9quipe, <strong>mieux manager,<\/strong> \u00eatre plus \u00e0 l\u2019\u00e9coute de vos coll\u00e8gues pour enfin travailler dans le m\u00eame sens, le sens du succ\u00e8s et de la r\u00e9ussite\u00a0?<\/p>\n<p>Et comment <strong>mieux communiquer avec votre CoDir<\/strong>, votre patron\u00a0?<\/p>\n<p><span style=\"color: #0000ff;\"><b>Vous les pros<\/b><\/span>, prenez la d\u00e9cision de vous faire coacher, de prendre le temps de faire le point sur vous, de raconter votre probl\u00e8me, \u00e0 moi, en toute confidentialit\u00e9, en toute authenticit\u00e9, pour me dire simplement ce qui ne va pas et voir comment faire pour que \u00e7a change, <strong>pour aller vers un mieux-\u00eatre, vers plus d\u2019efficacit\u00e9<\/strong> bien s\u00fbr, mais aussi (devrais-je\u00a0dire: surtout), vers plus de communication, plus de compr\u00e9hension.<\/p>\n<p>Vous vous en rendez compte, on oublie souvent ses \u00e9motions dans le business, et mal exprim\u00e9es, <strong>mal dig\u00e9r\u00e9es ces \u00e9motions peuvent g\u00e9n\u00e9rer des tensions<\/strong>\u2026 et \u00e9videmment .. du mal \u00eatre et <strong>un impact n\u00e9gatif sur vos r\u00e9sultats<\/strong>.<\/p>\n<p><b>Alors, n\u2019h\u00e9sitez plus,<\/b> prenez la d\u00e9cision d\u2019aller mieux, de r\u00e9gler vos probl\u00e8mes professionnels et <b><a href=\"tel:0607863613\">appelez-moi<\/a>, <a href=\"mailto:gilles@eliocoach.fr\">envoyez moi un mail<\/a><\/b> pour se rencontrer, parler de votre probl\u00e9matique d\u2019abord gratuitement, avant de voir ensemble, si vous d\u00e9cidez de vous faire coacher\u00a0! <strong>Coacher par moi, Gilles\u00a0!<\/strong><\/p>\n<p>A bient\u00f4t.<\/p>\n<p><a href=\"https:\/\/youtu.be\/AHd_nNoNBrM\" data-wplink-edit=\"true\"><img loading=\"lazy\" decoding=\"async\" class=\"alignnone size-full wp-image-694\" src=\"http:\/\/eliocoach.fr\/wp-content\/uploads\/2021\/02\/Coaching-Travail-Une.jpg\" alt=\"\" width=\"574\" height=\"311\" srcset=\"https:\/\/eliocoach.fr\/wp-content\/uploads\/2021\/02\/Coaching-Travail-Une.jpg 574w, https:\/\/eliocoach.fr\/wp-content\/uploads\/2021\/02\/Coaching-Travail-Une-300x163.jpg 300w, https:\/\/eliocoach.fr\/wp-content\/uploads\/2021\/02\/Coaching-Travail-Une-420x228.jpg 420w\" sizes=\"(max-width: 574px) 100vw, 574px\" \/><\/a><\/p>\n<div class=\"spacer spacer-mini\"><\/div><\/div><\/div><\/div>\n","protected":false},"excerpt":{"rendered":"","protected":false},"author":1,"featured_media":0,"parent":0,"menu_order":0,"comment_status":"closed","ping_status":"closed","template":"","meta":{"footnotes":""},"_links":{"self":[{"href":"https:\/\/eliocoach.fr\/index.php\/wp-json\/wp\/v2\/pages\/207"}],"collection":[{"href":"https:\/\/eliocoach.fr\/index.php\/wp-json\/wp\/v2\/pages"}],"about":[{"href":"https:\/\/eliocoach.fr\/index.php\/wp-json\/wp\/v2\/types\/page"}],"author":[{"embeddable":true,"href":"https:\/\/eliocoach.fr\/index.php\/wp-json\/wp\/v2\/users\/1"}],"replies":[{"embeddable":true,"href":"https:\/\/eliocoach.fr\/index.php\/wp-json\/wp\/v2\/comments?post=207"}],"version-history":[{"count":20,"href":"https:\/\/eliocoach.fr\/index.php\/wp-json\/wp\/v2\/pages\/207\/revisions"}],"predecessor-version":[{"id":805,"href":"https:\/\/eliocoach.fr\/index.php\/wp-json\/wp\/v2\/pages\/207\/revisions\/805"}],"wp:attachment":[{"href":"https:\/\/eliocoach.fr\/index.php\/wp-json\/wp\/v2\/media?parent=207"}],"curies":[{"name":"wp","href":"https:\/\/api.w.org\/{rel}","templated":true}]}}