{"id":210,"date":"2018-10-14T18:03:01","date_gmt":"2018-10-14T16:03:01","guid":{"rendered":"http:\/\/eliocoach.fr\/?page_id=210"},"modified":"2020-03-03T16:36:38","modified_gmt":"2020-03-03T15:36:38","slug":"coaching-des-agences-de-com","status":"publish","type":"page","link":"https:\/\/eliocoach.fr\/index.php\/coaching-des-agences-de-com\/","title":{"rendered":"Coaching des agences de com"},"content":{"rendered":"\n\t\t\t<div class=\"horizontal-section text-light parallax-section\" style=\"\" data-parallax-image=\"http:\/\/eliocoach.fr\/wp-content\/uploads\/2018\/11\/Agence-Com.jpg\">\n\t\t\t\t<div class=\"horizontal-inner\" style=\"padding-top:200px;padding-bottom:200px;\">\n\t\t\t\t\n\t\t\t\t<\/div>\n\t\t\t<\/div>\n\t\t<div class=\"wrapper-small\"><div class=\"column-section clearfix\"><div class=\"column one-full last-col \" ><div class=\"spacer spacer-mini\"><\/div>\n<p class=\"x_MsoNormal\"><em><strong>Comment puis-je vous aider \u00e0 ce que votre agence fonctionne mieux ?<\/strong><\/em><\/p>\n<p>&nbsp;<\/p>\n<p class=\"x_MsoNormal\">Par essence, les agences de com sont constitu\u00e9es d\u2019individus aux fonctions et aux personnalit\u00e9s diff\u00e9rentes, voire antagonistes.\u00a0<b>Le challenge est de faire aller dans le m\u00eame sens<\/b>, le sens d\u2019une campagne qui m\u00eale cr\u00e9ativit\u00e9 et performance,\u00a0<b>des individus qui n\u2019ont pas la m\u00eame culture, pas les m\u00eames codes, pas les m\u00eames objectifs\u00a0<\/b>!<\/p>\n<p class=\"x_MsoNormal\"><span style=\"color: #0000ff;\"><b>Vous dirigeant-e-s<\/b><\/span>, comment mieux vous entendre avec votre \u00e9quipe, comment mieux la f\u00e9d\u00e9rer pour d\u00e9livrer un meilleur service \u00e0 vos clients, comment r\u00e9ussir \u00e0 adapter votre discours pour qu\u2019il soit compris et accept\u00e9 de tous ses membres\u00a0?<\/p>\n<p class=\"x_MsoNormal\"><b><span style=\"color: #0000ff;\">Vous managers<\/span>,<\/b>\u00a0comment mieux g\u00e9rer les \u00e9quipes compos\u00e9es de cr\u00e9atifs et de commerciaux, mieux appr\u00e9hender et transmettre les directives de vos clients, \u00eatre plus \u00e0 l\u2019\u00e9coute de vos coll\u00e8gues et de vos clients pour travailler dans le m\u00eame sens, le sens du succ\u00e8s et de la r\u00e9ussite\u00a0?<\/p>\n<p class=\"x_MsoNormal\">Vous vous en rendez compte, on oublie souvent ses propres \u00e9motions dans ce march\u00e9 de la communication et pourtant elles sont au c\u0153ur des campagnes fortes et marquantes, donc r\u00e9ussies. Et ces \u00e9motions, mal exprim\u00e9es, mal dig\u00e9r\u00e9es par des \u00e9quipes pluridisciplinaires, peuvent g\u00e9n\u00e9rer des tensions et du mal \u00eatre et donc un impact n\u00e9gatif sur la qualit\u00e9 de vos campagnes.<\/p>\n<p class=\"x_MsoNormal\"><b>Alors, n\u2019h\u00e9sitez plus,<\/b>\u00a0prenez la d\u00e9cision de r\u00e9gler vos probl\u00e8mes professionnels dans cet univers passionnant de la communication et <b><a href=\"tel:0607863613\">appelez-moi<\/a>, <a href=\"mailto:gilles@eliocoach.fr\">envoyez moi un mail<\/a><\/b>\u00a0pour se rencontrer, parler de votre probl\u00e9matique d\u2019abord gratuitement, avant de voir ensemble, si vous d\u00e9cidez de vous faire coacher\u00a0! <strong>Coacher par moi, Gilles\u00a0!<\/strong><\/p>\n<p class=\"x_MsoNormal\">\u00c0 bient\u00f4t.<\/p>\n<div class=\"spacer spacer-mini\"><\/div><\/div><\/div><\/div>\n","protected":false},"excerpt":{"rendered":"","protected":false},"author":1,"featured_media":0,"parent":0,"menu_order":0,"comment_status":"closed","ping_status":"closed","template":"","meta":{"footnotes":""},"_links":{"self":[{"href":"https:\/\/eliocoach.fr\/index.php\/wp-json\/wp\/v2\/pages\/210"}],"collection":[{"href":"https:\/\/eliocoach.fr\/index.php\/wp-json\/wp\/v2\/pages"}],"about":[{"href":"https:\/\/eliocoach.fr\/index.php\/wp-json\/wp\/v2\/types\/page"}],"author":[{"embeddable":true,"href":"https:\/\/eliocoach.fr\/index.php\/wp-json\/wp\/v2\/users\/1"}],"replies":[{"embeddable":true,"href":"https:\/\/eliocoach.fr\/index.php\/wp-json\/wp\/v2\/comments?post=210"}],"version-history":[{"count":7,"href":"https:\/\/eliocoach.fr\/index.php\/wp-json\/wp\/v2\/pages\/210\/revisions"}],"predecessor-version":[{"id":648,"href":"https:\/\/eliocoach.fr\/index.php\/wp-json\/wp\/v2\/pages\/210\/revisions\/648"}],"wp:attachment":[{"href":"https:\/\/eliocoach.fr\/index.php\/wp-json\/wp\/v2\/media?parent=210"}],"curies":[{"name":"wp","href":"https:\/\/api.w.org\/{rel}","templated":true}]}}