{"id":774,"date":"2022-09-23T18:14:38","date_gmt":"2022-09-23T16:14:38","guid":{"rendered":"http:\/\/eliocoach.fr\/?page_id=774"},"modified":"2022-09-23T18:19:50","modified_gmt":"2022-09-23T16:19:50","slug":"methode-disc","status":"publish","type":"page","link":"https:\/\/eliocoach.fr\/index.php\/le-coaching\/methode-disc\/","title":{"rendered":"M\u00e9thode DiSC"},"content":{"rendered":"\n<hr class=\"wp-block-separator\"\/>\n\n\n\n<div class=\"wp-block-columns is-layout-flex wp-container-core-columns-layout-1 wp-block-columns-is-layout-flex\">\n<div class=\"wp-block-column is-layout-flow wp-block-column-is-layout-flow\" style=\"flex-basis:25%\"><\/div>\n\n\n\n<div class=\"wp-block-column is-layout-flow wp-block-column-is-layout-flow\" style=\"flex-basis:50%\">\n<p><strong><span style=\"color:#0000ff\" class=\"has-inline-color\">Comprendre vos habitudes et comportements pour am\u00e9liorer votre impact au travail<\/span><\/strong><\/p>\n\n\n\n<p>La m\u00e9thode DiSC (Everything DiSC de Wiley) favorise la prise de conscience de soi et la compr\u00e9hension des comportements humains.<\/p>\n\n\n\n<p>C\u2019est un outil id\u00e9al qui vous aidera \u00e0 mieux communiquer avec les personnes de votre entourage et \u00e0 cr\u00e9er une ambiance de travail motivante. <strong>Outil de management par excellence<\/strong>, DiSC est aussi utilis\u00e9 pour augmenter la performance des \u00e9quipes et am\u00e9liorer leur coh\u00e9sion.<\/p>\n\n\n\n<figure class=\"wp-block-image size-large\"><img loading=\"lazy\" decoding=\"async\" width=\"591\" height=\"335\" src=\"http:\/\/eliocoach.fr\/wp-content\/uploads\/2022\/09\/Picture-1.png\" alt=\"\" class=\"wp-image-809\" srcset=\"https:\/\/eliocoach.fr\/wp-content\/uploads\/2022\/09\/Picture-1.png 591w, https:\/\/eliocoach.fr\/wp-content\/uploads\/2022\/09\/Picture-1-300x170.png 300w, https:\/\/eliocoach.fr\/wp-content\/uploads\/2022\/09\/Picture-1-420x238.png 420w\" sizes=\"(max-width: 591px) 100vw, 591px\" \/><\/figure>\n\n\n\n<p><strong><span style=\"color:#0000ff\" class=\"has-inline-color\">Eclaireur de votre quotidien<\/span><\/strong><\/p>\n\n\n\n<p>Utilis\u00e9e dans des milliers d\u2019entreprises \u00e0 travers le monde Everything DiSC est issu de longues ann\u00e9es de recherche et repr\u00e9sente \u00e0 ce jour <strong>l\u2019outil psychom\u00e9trique le plus fiable pour \u00e9valuer les sch\u00e9mas comportementaux<\/strong>. Gr\u00e2ce \u00e0 DiSC vous allez comprendre d\u2019abord vos propres habitudes et comportements et utiliser ces observations pour vous d\u00e9velopper et am\u00e9liorer votre impact au travail.&nbsp;<\/p>\n\n\n\n<p>Acronyme des quatre profils Dominance, Influence, Stabilit\u00e9 et Conscience, <strong>DiSC int\u00e8gre au total 12 styles et permet alors une analyse tr\u00e8s fine et d\u00e9taill\u00e9e<\/strong>.<\/p>\n\n\n\n<figure class=\"wp-block-image size-large\"><img loading=\"lazy\" decoding=\"async\" width=\"575\" height=\"420\" src=\"http:\/\/eliocoach.fr\/wp-content\/uploads\/2022\/08\/Picture-3.png\" alt=\"\" class=\"wp-image-789\" srcset=\"https:\/\/eliocoach.fr\/wp-content\/uploads\/2022\/08\/Picture-3.png 575w, https:\/\/eliocoach.fr\/wp-content\/uploads\/2022\/08\/Picture-3-300x219.png 300w, https:\/\/eliocoach.fr\/wp-content\/uploads\/2022\/08\/Picture-3-420x307.png 420w\" sizes=\"(max-width: 575px) 100vw, 575px\" \/><\/figure>\n\n\n\n<p><strong><span style=\"color:#0000ff\" class=\"has-inline-color\">Comment \u00e7a marche&nbsp;?<\/span><\/strong><\/p>\n\n\n\n<p>Apr\u00e8s avoir r\u00e9pondu \u00e0 <strong>un questionnaire adaptatif en ligne<\/strong>, vous d\u00e9couvrirez quel est <strong>votre profil psychologique que nous commenterons ensemble<\/strong> et ainsi, vous pourrez approfondir votre connaissance de vous-m\u00eame, am\u00e9liorer les \u00e9changes, apprendre aux autres \u00e0 en faire autant pour optimiser votre management et votre leadership.<\/p>\n\n\n\n<figure class=\"wp-block-image size-large\"><img loading=\"lazy\" decoding=\"async\" width=\"579\" height=\"289\" src=\"http:\/\/eliocoach.fr\/wp-content\/uploads\/2022\/09\/Picture-2.png\" alt=\"\" class=\"wp-image-812\" srcset=\"https:\/\/eliocoach.fr\/wp-content\/uploads\/2022\/09\/Picture-2.png 579w, https:\/\/eliocoach.fr\/wp-content\/uploads\/2022\/09\/Picture-2-300x150.png 300w, https:\/\/eliocoach.fr\/wp-content\/uploads\/2022\/09\/Picture-2-420x210.png 420w\" sizes=\"(max-width: 579px) 100vw, 579px\" \/><\/figure>\n\n\n\n<p><strong><span style=\"color:#0000ff\" class=\"has-inline-color\">Ses b\u00e9n\u00e9fices<\/span><\/strong><\/p>\n\n\n\n<ul><li>Cr\u00e9er un impact positif imm\u00e9diat et durable sur vos performances<\/li><li>Approfondir votre connaissance de vous-m\u00eame pour am\u00e9liorer les \u00e9changes et apprendre aux autres \u00e0 en faire autant<\/li><li>R\u00e9duire les conflits et les malentendus<\/li><li>Augmenter votre productivit\u00e9 et efficacit\u00e9<\/li><li>Am\u00e9liorer votre management et votre leadership<\/li><\/ul>\n\n\n\n<p><strong><span style=\"color:#0000ff\" class=\"has-inline-color\">Eclaireur des \u00e9quipes<\/span><\/strong><\/p>\n\n\n\n<p>La m\u00e9thode DiSC est aussi utilis\u00e9e pour favoriser le travail d\u2019\u00e9quipe et augmenter leur puissance. Elle permet de <strong>d\u00e9crypter les forces et freins<\/strong> des habitudes de chacun pour <strong>cr\u00e9er des synergies <\/strong>afin de rendre le travail d\u2019\u00e9quipe r\u00e9ellement performant.<\/p>\n\n\n\n<p>Chaque membre de l\u2019\u00e9quipe r\u00e9pond \u00e0 un questionnaire adaptatif en ligne, pour d\u00e9couvrir son profil psychologique que je commenterai, pour ensuite le partager avec les autres.<\/p>\n\n\n\n<p>Le r\u00e9sultat&nbsp;? <strong>F<\/strong><strong>avoriser<\/strong><strong> la prise de conscience de soi et la compr\u00e9hension des comportements de tous.<\/strong><\/p>\n\n\n\n<p>L\u2019\u00e9quipe pourra mieux communiquer, b\u00e9n\u00e9ficier d\u2019une meilleure coh\u00e9sion pour de meilleures performances<\/p>\n\n\n\n<ul><li>Rendre les collaborateurs plus productifs<\/li><li>G\u00e9rer, r\u00e9soudre et r\u00e9duire des conflits<\/li><li>Booster l\u2019efficacit\u00e9 commerciale<\/li><li>Am\u00e9liorer l\u2019intelligence \u00e9motionnelle<\/li><li>Favoriser l\u2019inclusion de toute personne<\/li><li>Sortir les collaborateurs de l\u2019isolement m\u00eame en temps de t\u00e9l\u00e9travail prolong\u00e9<\/li><\/ul>\n\n\n\n<p><strong><span style=\"color:#0000ff\" class=\"has-inline-color\">Ind\u00e9pendamment ou en compl\u00e9ment d\u2019un coaching<\/span><\/strong><\/p>\n\n\n\n<p>La m\u00e9thode DiSC n\u2019est pas intrins\u00e8quement li\u00e9e au coaching. Elle n\u2019est pas obligatoire dans un coaching, qui peut tout \u00e0 fait se d\u00e9rouler sans elle.<\/p>\n\n\n\n<p>La m\u00e9thode DiSC peut se suffire \u00e0 elle-m\u00eame, pour vous offrir une meilleure connaissance de vous et des pistes pour mieux travailler avec les autres.<\/p>\n\n\n\n<p>Elle peut \u00eatre aussi un compl\u00e9ment des s\u00e9ances de coaching, pour mettre en perspective d\u2019autres moyens de r\u00e9soudre votre probl\u00e9matique.<\/p>\n\n\n\n<p>Ceci se d\u00e9cidera en fonction de votre probl\u00e9matique et de vos attentes.<\/p>\n\n\n\n<p><strong>Alors, si, la m\u00e9thode DiSC vous int\u00e9resse, <\/strong><a href=\"tel:0607863613\"><strong>appelez-moi<\/strong><\/a><strong>,&nbsp;<\/strong><a href=\"mailto:gilles@eliocoach.fr\"><strong>envoyez moi un mail<\/strong><\/a>&nbsp;pour en parler et voir ensemble si cette m\u00e9thode vous conviendra.<\/p>\n<\/div>\n\n\n\n<div class=\"wp-block-column is-layout-flow wp-block-column-is-layout-flow\" style=\"flex-basis:25%\"><\/div>\n<\/div>\n","protected":false},"excerpt":{"rendered":"<p>Comprendre vos habitudes et comportements pour am\u00e9liorer votre impact au travail La m\u00e9thode DiSC (Everything DiSC de Wiley) favorise la prise de conscience de soi et la compr\u00e9hension des comportements humains. C\u2019est un outil id\u00e9al qui vous aidera \u00e0 mieux communiquer avec les personnes de votre entourage et \u00e0 cr\u00e9er une ambiance de travail motivante. [&hellip;]<\/p>\n","protected":false},"author":1,"featured_media":0,"parent":13,"menu_order":4,"comment_status":"closed","ping_status":"closed","template":"","meta":{"footnotes":""},"_links":{"self":[{"href":"https:\/\/eliocoach.fr\/index.php\/wp-json\/wp\/v2\/pages\/774"}],"collection":[{"href":"https:\/\/eliocoach.fr\/index.php\/wp-json\/wp\/v2\/pages"}],"about":[{"href":"https:\/\/eliocoach.fr\/index.php\/wp-json\/wp\/v2\/types\/page"}],"author":[{"embeddable":true,"href":"https:\/\/eliocoach.fr\/index.php\/wp-json\/wp\/v2\/users\/1"}],"replies":[{"embeddable":true,"href":"https:\/\/eliocoach.fr\/index.php\/wp-json\/wp\/v2\/comments?post=774"}],"version-history":[{"count":19,"href":"https:\/\/eliocoach.fr\/index.php\/wp-json\/wp\/v2\/pages\/774\/revisions"}],"predecessor-version":[{"id":830,"href":"https:\/\/eliocoach.fr\/index.php\/wp-json\/wp\/v2\/pages\/774\/revisions\/830"}],"up":[{"embeddable":true,"href":"https:\/\/eliocoach.fr\/index.php\/wp-json\/wp\/v2\/pages\/13"}],"wp:attachment":[{"href":"https:\/\/eliocoach.fr\/index.php\/wp-json\/wp\/v2\/media?parent=774"}],"curies":[{"name":"wp","href":"https:\/\/api.w.org\/{rel}","templated":true}]}}